{"id":10,"date":"2024-10-16T15:21:56","date_gmt":"2024-10-16T15:21:56","guid":{"rendered":"https:\/\/checklist.liliana-santos.biz\/?page_id=10"},"modified":"2024-10-16T15:53:02","modified_gmt":"2024-10-16T15:53:02","slug":"checklist","status":"publish","type":"page","link":"https:\/\/checklist.liliana-santos.biz\/","title":{"rendered":"Checklist"},"content":{"rendered":"<p>[et_pb_section fb_built=&#8221;1&#8243; _builder_version=&#8221;4.23.1&#8243; _module_preset=&#8221;default&#8221; global_colors_info=&#8221;{}&#8221;][et_pb_row _builder_version=&#8221;4.23.1&#8243; _module_preset=&#8221;default&#8221; global_colors_info=&#8221;{}&#8221;][et_pb_column type=&#8221;4_4&#8243; _builder_version=&#8221;4.23.1&#8243; _module_preset=&#8221;default&#8221; global_colors_info=&#8221;{}&#8221;][et_pb_image src=&#8221;https:\/\/checklist.liliana-santos.biz\/wp-content\/uploads\/2024\/10\/checklist.jpg&#8221; title_text=&#8221;checklist&#8221; _builder_version=&#8221;4.23.1&#8243; _module_preset=&#8221;default&#8221; global_colors_info=&#8221;{}&#8221;][\/et_pb_image][et_pb_text _builder_version=&#8221;4.23.1&#8243; _module_preset=&#8221;default&#8221; text_font=&#8221;Nunito Sans|900|||||||&#8221; text_text_color=&#8221;#206181&#8243; text_font_size=&#8221;22px&#8221; header_font=&#8221;Nunito Sans|800|||||||&#8221; hover_enabled=&#8221;0&#8243; global_colors_info=&#8221;{}&#8221; sticky_enabled=&#8221;0&#8243;]<\/p>\n<p>Preencha o formul\u00e1rio abaixo para receber a checklist no seu email de forma gratuita!<\/p>\n<p>[\/et_pb_text][et_pb_code _builder_version=&#8221;4.23.1&#8243; _module_preset=&#8221;default&#8221; global_colors_info=&#8221;{}&#8221;]    <div class=\"stdl-form-wrap stdl-template-3 stdl-alias>\">\n    <form method=\"post\" action=\"\" class=\"stdl-subscription-form\" data-form-alias=\"stdl\">\n\n        <div class=\"both-fields-wrap\">\n\n            <div class=\"stdl-field-wrap name-field has-pre-icon\">\n            <label for=\"stdl_name\" class=\"sr-only stdl-hidden-item\">O Seu Nome<\/label>\n            <input type=\"text\" name=\"stdl_name\" class=\"stdl-name\" placeholder=\"O Seu Nome\"\/>\n            <i class=\"fas fa-user\"><\/i>\n        <\/div>\n            <!--Email Field-->\n    <div class=\"stdl-field-wrap has-pre-icon\">\n        <label for=\"stdl_email\" class=\"sr-only stdl-hidden-item\">O Seu Email<\/label>\n        <input type=\"email\" name=\"stdl_email\" class=\"stdl-email\" placeholder=\"O Seu Email\"\/>\n        <i class=\"far fa-envelope\"><\/i>\n    <\/div>\n    <!-- Email Field-->\n<\/div>\n\n    <div class=\"stdl-field-wrap stdl-terms-agreement-wrap stdl-check-box-text\">\n        <label>\n            <input type=\"checkbox\" name=\"stdl_terms_agreement\" class=\"stdl-terms-agreement\"\/>\n            Declaro que li e concordo com os termos e condi\u00e7\u00f5es, com a pol\u00edtica de privacidade e de cookies. \r\nhttps:\/\/liliana-santos.biz\/termos-e-condicoes-de-utilizacao        <\/label>\n    <\/div>\n    \n<!-- Subscribe Button-->\n<div class=\"stdl-field-wrap stdl-btn-parent\">\n    <input type=\"submit\" name=\"stdl_form_submit\" class=\"stdl-form-submit\" value=\"Quero a checklist\"\/>\n\n<\/div>\n\n\n\n\n<div class=\"stdl-form-message\"><\/div>\n<span class=\"stdl-form-loader-wraper\">\n        <div class=\"stdl-form-loader stdl-form-loader-1\">Loading...<\/div>\n    <\/span>\n    <\/form>\n<\/div>[\/et_pb_code][\/et_pb_column][\/et_pb_row][\/et_pb_section]<\/p>\n","protected":false},"excerpt":{"rendered":"<p>Preencha o formul\u00e1rio abaixo para receber a checklist no seu email de forma gratuita!    <div class=\"stdl-form-wrap stdl-template-3 stdl-alias>\">\n    <form method=\"post\" action=\"\" class=\"stdl-subscription-form\" data-form-alias=\"stdl\">\n\n        <div class=\"both-fields-wrap\">\n\n            <div class=\"stdl-field-wrap name-field has-pre-icon\">\n            <label for=\"stdl_name\" class=\"sr-only stdl-hidden-item\">O Seu Nome<\/label>\n            <input type=\"text\" name=\"stdl_name\" class=\"stdl-name\" placeholder=\"O Seu Nome\"\/>\n            <i class=\"fas fa-user\"><\/i>\n        <\/div>\n            <!--Email Field-->\n    <div class=\"stdl-field-wrap has-pre-icon\">\n        <label for=\"stdl_email\" class=\"sr-only stdl-hidden-item\">O Seu Email<\/label>\n        <input type=\"email\" name=\"stdl_email\" class=\"stdl-email\" placeholder=\"O Seu Email\"\/>\n        <i class=\"far fa-envelope\"><\/i>\n    <\/div>\n    <!-- Email Field-->\n<\/div>\n\n    <div class=\"stdl-field-wrap stdl-terms-agreement-wrap stdl-check-box-text\">\n        <label>\n            <input type=\"checkbox\" name=\"stdl_terms_agreement\" class=\"stdl-terms-agreement\"\/>\n            Declaro que li e concordo com os termos e condi\u00e7\u00f5es, com a pol\u00edtica de privacidade e de cookies. \r\nhttps:\/\/liliana-santos.biz\/termos-e-condicoes-de-utilizacao        <\/label>\n    <\/div>\n    \n<!-- Subscribe Button-->\n<div class=\"stdl-field-wrap stdl-btn-parent\">\n    <input type=\"submit\" name=\"stdl_form_submit\" class=\"stdl-form-submit\" value=\"Quero a checklist\"\/>\n\n<\/div>\n\n\n\n\n<div class=\"stdl-form-message\"><\/div>\n<span class=\"stdl-form-loader-wraper\">\n        <div class=\"stdl-form-loader stdl-form-loader-1\">Loading...<\/div>\n    <\/span>\n    <\/form>\n<\/div><\/p>\n","protected":false},"author":1,"featured_media":0,"parent":0,"menu_order":0,"comment_status":"closed","ping_status":"closed","template":"","meta":{"_et_pb_use_builder":"on","_et_pb_old_content":"","_et_gb_content_width":"","footnotes":""},"class_list":["post-10","page","type-page","status-publish","hentry"],"_links":{"self":[{"href":"https:\/\/checklist.liliana-santos.biz\/index.php\/wp-json\/wp\/v2\/pages\/10","targetHints":{"allow":["GET"]}}],"collection":[{"href":"https:\/\/checklist.liliana-santos.biz\/index.php\/wp-json\/wp\/v2\/pages"}],"about":[{"href":"https:\/\/checklist.liliana-santos.biz\/index.php\/wp-json\/wp\/v2\/types\/page"}],"author":[{"embeddable":true,"href":"https:\/\/checklist.liliana-santos.biz\/index.php\/wp-json\/wp\/v2\/users\/1"}],"replies":[{"embeddable":true,"href":"https:\/\/checklist.liliana-santos.biz\/index.php\/wp-json\/wp\/v2\/comments?post=10"}],"version-history":[{"count":6,"href":"https:\/\/checklist.liliana-santos.biz\/index.php\/wp-json\/wp\/v2\/pages\/10\/revisions"}],"predecessor-version":[{"id":27,"href":"https:\/\/checklist.liliana-santos.biz\/index.php\/wp-json\/wp\/v2\/pages\/10\/revisions\/27"}],"wp:attachment":[{"href":"https:\/\/checklist.liliana-santos.biz\/index.php\/wp-json\/wp\/v2\/media?parent=10"}],"curies":[{"name":"wp","href":"https:\/\/api.w.org\/{rel}","templated":true}]}}